{"id":15957,"date":"2023-07-07T14:42:51","date_gmt":"2023-07-07T19:42:51","guid":{"rendered":"https:\/\/www.asmodee.ca\/?post_type=product&#038;p=15957"},"modified":"2023-07-17T14:11:47","modified_gmt":"2023-07-17T19:11:47","slug":"dixit-memories","status":"publish","type":"product","link":"https:\/\/www.asmodee.ca\/en\/product\/dixit-memories\/","title":{"rendered":"Dixit &#8211; Memories"},"content":{"rendered":"\n<p>Dixit is a classic, simple, lighthearted game of storytelling and guesswork where your imagination unlocks the tale. Each round, cards are revealed. Their connection: one enigmatic sentence. Be careful! Only one picture represents the correct answer, the others are decoys. To find the correct image, let your imagination be your guide.<\/p>\n\n\n\n<p>Challenge your ingenuity with the beautiful cards boasting new art from Carine Hinder and J\u00e9r\u00f4me P\u00e9lissier<\/p>\n\n\n\n<p>Adds 84 new cards that can be easily fit into any Dixit collection, expanding gameplay options and increasing replayability<\/p>\n\n\n\n<p>This is an expansion. A copy of Dixit is required to play.<\/p>\n\n\n\n<p>This multilingual edition includes more than 12 languages, notably: English &amp; French<\/p>\n","protected":false},"excerpt":{"rendered":"<p>A picture is worth a thousand words.<\/p>\n","protected":false},"author":17,"featured_media":14545,"parent":0,"menu_order":0,"template":"","meta":{"_acf_changed":false},"player":[195],"player_range":[451],"duration":[663],"duration_range":[656],"age":[25],"age_range":[380],"benefit":[35],"publisher":[],"public":[15],"theme":[50,170],"gamme":[1171],"product_category":[162],"class_list":["post-15957","product","type-product","status-publish","has-post-thumbnail","hentry","player-3-6","player_range-451","duration-30-45","duration_range-30-45-min-2","age-25","age_range-7-9-yo","benefit-creativity","public-family","theme-all-boardgames","theme-family-games","gamme-dixit","product_category-family"],"acf":[],"featuredImageSourceUrl":"https:\/\/cdn.svc.asmodee.net\/production-asmodeeca\/uploads\/image-converter\/2023\/04\/DIX08CAN-DIXIT-EXT_MEMORIES-ML-3D_LEFT-1024x1024.webp","productImageSourceUrl":false,"_links":{"self":[{"href":"https:\/\/www.asmodee.ca\/en\/wp-json\/wp\/v2\/product\/15957","targetHints":{"allow":["GET"]}}],"collection":[{"href":"https:\/\/www.asmodee.ca\/en\/wp-json\/wp\/v2\/product"}],"about":[{"href":"https:\/\/www.asmodee.ca\/en\/wp-json\/wp\/v2\/types\/product"}],"author":[{"embeddable":true,"href":"https:\/\/www.asmodee.ca\/en\/wp-json\/wp\/v2\/users\/17"}],"wp:featuredmedia":[{"embeddable":true,"href":"https:\/\/www.asmodee.ca\/en\/wp-json\/wp\/v2\/media\/14545"}],"wp:attachment":[{"href":"https:\/\/www.asmodee.ca\/en\/wp-json\/wp\/v2\/media?parent=15957"}],"wp:term":[{"taxonomy":"player","embeddable":true,"href":"https:\/\/www.asmodee.ca\/en\/wp-json\/wp\/v2\/player?post=15957"},{"taxonomy":"player_range","embeddable":true,"href":"https:\/\/www.asmodee.ca\/en\/wp-json\/wp\/v2\/player_range?post=15957"},{"taxonomy":"duration","embeddable":true,"href":"https:\/\/www.asmodee.ca\/en\/wp-json\/wp\/v2\/duration?post=15957"},{"taxonomy":"duration_range","embeddable":true,"href":"https:\/\/www.asmodee.ca\/en\/wp-json\/wp\/v2\/duration_range?post=15957"},{"taxonomy":"age","embeddable":true,"href":"https:\/\/www.asmodee.ca\/en\/wp-json\/wp\/v2\/age?post=15957"},{"taxonomy":"age_range","embeddable":true,"href":"https:\/\/www.asmodee.ca\/en\/wp-json\/wp\/v2\/age_range?post=15957"},{"taxonomy":"benefit","embeddable":true,"href":"https:\/\/www.asmodee.ca\/en\/wp-json\/wp\/v2\/benefit?post=15957"},{"taxonomy":"publisher","embeddable":true,"href":"https:\/\/www.asmodee.ca\/en\/wp-json\/wp\/v2\/publisher?post=15957"},{"taxonomy":"public","embeddable":true,"href":"https:\/\/www.asmodee.ca\/en\/wp-json\/wp\/v2\/public?post=15957"},{"taxonomy":"theme","embeddable":true,"href":"https:\/\/www.asmodee.ca\/en\/wp-json\/wp\/v2\/theme?post=15957"},{"taxonomy":"gamme","embeddable":true,"href":"https:\/\/www.asmodee.ca\/en\/wp-json\/wp\/v2\/gamme?post=15957"},{"taxonomy":"product_category","embeddable":true,"href":"https:\/\/www.asmodee.ca\/en\/wp-json\/wp\/v2\/product_category?post=15957"}],"curies":[{"name":"wp","href":"https:\/\/api.w.org\/{rel}","templated":true}]}}