{"id":12503,"date":"2022-11-28T13:29:53","date_gmt":"2022-11-28T18:29:53","guid":{"rendered":"https:\/\/www.asmodee.ca\/?post_type=product&#038;p=12503"},"modified":"2024-12-04T10:36:45","modified_gmt":"2024-12-04T14:36:45","slug":"pokemon-trainer-guess-hoenn-edition","status":"publish","type":"product","link":"https:\/\/www.asmodee.ca\/en\/product\/pokemon-trainer-guess-hoenn-edition\/","title":{"rendered":"Pok\u00e9mon Trainer Guess \u2013 Hoenn Edition"},"content":{"rendered":"\n<p>Test your Pok\u00e9mon knowledge with Trainer Guess &#8211; Hoenn Edition. Just think of a Pok\u00e9mon and answer the questions. Trainer Guess will figure out what Pok\u00e9mon you are thinking of Amazing!<\/p>\n\n\n\n<p>Guess and collect the Pok\u00e9mon from the Hoenn region!<\/p>\n\n\n\n<p>To help in your mission, you can find every Pok\u00e9mon in the game\u2019s official field guide.<\/p>\n\n\n\n<p>Interactive speech recognition game with sound and light effects for a unique Pok\u00e9mon experience.<\/p>\n\n\n\n<p>Pok\u00e9mon Trainer Guess can go everywhere! Play it at home or outdoors.<\/p>\n","protected":false},"excerpt":{"rendered":"<p>Collect all 135 Hoenn region Pok\u00e9mon!<\/p>\n","protected":false},"author":17,"featured_media":10175,"parent":0,"menu_order":0,"template":"","meta":{"_acf_changed":true},"player":[1133],"player_range":[458],"duration":[661],"duration_range":[176],"age":[30],"age_range":[384],"benefit":[158,33],"publisher":[],"public":[15,276],"theme":[50,170],"gamme":[1218],"product_category":[162,164],"class_list":["post-12503","product","type-product","status-publish","has-post-thumbnail","hentry","player-1-3","player_range-458","duration-661","duration_range-15-min","age-30","age_range-6-yo","benefit-education","benefit-memory","public-family","public-quick-play","theme-all-boardgames","theme-family-games","gamme-pokemon-en","product_category-family","product_category-quick-play"],"acf":[],"featuredImageSourceUrl":"https:\/\/cdn.svc.asmodee.net\/production-asmodeeca\/uploads\/image-converter\/2022\/09\/EN-POKEMON_TRAINER_GUESS-HOENN-3D_R-1024x1024.webp","productImageSourceUrl":false,"_links":{"self":[{"href":"https:\/\/www.asmodee.ca\/en\/wp-json\/wp\/v2\/product\/12503","targetHints":{"allow":["GET"]}}],"collection":[{"href":"https:\/\/www.asmodee.ca\/en\/wp-json\/wp\/v2\/product"}],"about":[{"href":"https:\/\/www.asmodee.ca\/en\/wp-json\/wp\/v2\/types\/product"}],"author":[{"embeddable":true,"href":"https:\/\/www.asmodee.ca\/en\/wp-json\/wp\/v2\/users\/17"}],"wp:featuredmedia":[{"embeddable":true,"href":"https:\/\/www.asmodee.ca\/en\/wp-json\/wp\/v2\/media\/10175"}],"wp:attachment":[{"href":"https:\/\/www.asmodee.ca\/en\/wp-json\/wp\/v2\/media?parent=12503"}],"wp:term":[{"taxonomy":"player","embeddable":true,"href":"https:\/\/www.asmodee.ca\/en\/wp-json\/wp\/v2\/player?post=12503"},{"taxonomy":"player_range","embeddable":true,"href":"https:\/\/www.asmodee.ca\/en\/wp-json\/wp\/v2\/player_range?post=12503"},{"taxonomy":"duration","embeddable":true,"href":"https:\/\/www.asmodee.ca\/en\/wp-json\/wp\/v2\/duration?post=12503"},{"taxonomy":"duration_range","embeddable":true,"href":"https:\/\/www.asmodee.ca\/en\/wp-json\/wp\/v2\/duration_range?post=12503"},{"taxonomy":"age","embeddable":true,"href":"https:\/\/www.asmodee.ca\/en\/wp-json\/wp\/v2\/age?post=12503"},{"taxonomy":"age_range","embeddable":true,"href":"https:\/\/www.asmodee.ca\/en\/wp-json\/wp\/v2\/age_range?post=12503"},{"taxonomy":"benefit","embeddable":true,"href":"https:\/\/www.asmodee.ca\/en\/wp-json\/wp\/v2\/benefit?post=12503"},{"taxonomy":"publisher","embeddable":true,"href":"https:\/\/www.asmodee.ca\/en\/wp-json\/wp\/v2\/publisher?post=12503"},{"taxonomy":"public","embeddable":true,"href":"https:\/\/www.asmodee.ca\/en\/wp-json\/wp\/v2\/public?post=12503"},{"taxonomy":"theme","embeddable":true,"href":"https:\/\/www.asmodee.ca\/en\/wp-json\/wp\/v2\/theme?post=12503"},{"taxonomy":"gamme","embeddable":true,"href":"https:\/\/www.asmodee.ca\/en\/wp-json\/wp\/v2\/gamme?post=12503"},{"taxonomy":"product_category","embeddable":true,"href":"https:\/\/www.asmodee.ca\/en\/wp-json\/wp\/v2\/product_category?post=12503"}],"curies":[{"name":"wp","href":"https:\/\/api.w.org\/{rel}","templated":true}]}}