{"id":12497,"date":"2022-11-28T10:59:59","date_gmt":"2022-11-28T15:59:59","guid":{"rendered":"https:\/\/www.asmodee.ca\/?post_type=product&#038;p=12497"},"modified":"2024-12-04T10:38:11","modified_gmt":"2024-12-04T14:38:11","slug":"pokemon-trainer-challenge","status":"publish","type":"product","link":"https:\/\/www.asmodee.ca\/en\/product\/pokemon-trainer-challenge\/","title":{"rendered":"Pok\u00e9mon Trainer Challenge"},"content":{"rendered":"\n<p>Hi Pok\u00e9mon Trainer! I\u2019ll give you one fact and two Pok\u00e9mon. It&#8217;s up to you to tell which Pok\u00e9mon is associated with this fact! &#8220;This Pok\u00e9mon has electricity in its tail. Is it Charizard or Pikachu?&#8221; Challenge your Pok\u00e9mon knowledge and evolve from Junior, to Senior, to Pok\u00e9mon Master!<\/p>\n\n\n\n<p>Includes 300 questions about 75 different Pok\u00e9mon from the Kanto and Galar regions!<\/p>\n\n\n\n<p>Attempt to break your own record of consecutive right answers.<\/p>\n\n\n\n<p>At first, the questions are easy, but the more correct answers you give, the more challenging it gets.<\/p>\n","protected":false},"excerpt":{"rendered":"<p>1 Fact, 2 Pok\u00e9mon. Choose the right one!<\/p>\n","protected":false},"author":17,"featured_media":12481,"parent":0,"menu_order":0,"template":"","meta":{"_acf_changed":true},"player":[1133],"player_range":[458],"duration":[661],"duration_range":[176],"age":[38],"age_range":[384],"benefit":[158,33],"publisher":[],"public":[637,276],"theme":[50,183],"gamme":[1218],"product_category":[275,164],"class_list":["post-12497","product","type-product","status-publish","has-post-thumbnail","hentry","player-1-3","player_range-458","duration-661","duration_range-15-min","age-38","age_range-6-yo","benefit-education","benefit-memory","public-childrens","public-quick-play","theme-all-boardgames","theme-childrens-games","gamme-pokemon-en","product_category-childrens","product_category-quick-play"],"acf":[],"featuredImageSourceUrl":"https:\/\/cdn.svc.asmodee.net\/production-asmodeeca\/uploads\/image-converter\/2022\/11\/EN-POKEMON_TRAINER_CHALLENGE-3D_R-1024x1024.webp","productImageSourceUrl":false,"_links":{"self":[{"href":"https:\/\/www.asmodee.ca\/en\/wp-json\/wp\/v2\/product\/12497","targetHints":{"allow":["GET"]}}],"collection":[{"href":"https:\/\/www.asmodee.ca\/en\/wp-json\/wp\/v2\/product"}],"about":[{"href":"https:\/\/www.asmodee.ca\/en\/wp-json\/wp\/v2\/types\/product"}],"author":[{"embeddable":true,"href":"https:\/\/www.asmodee.ca\/en\/wp-json\/wp\/v2\/users\/17"}],"wp:featuredmedia":[{"embeddable":true,"href":"https:\/\/www.asmodee.ca\/en\/wp-json\/wp\/v2\/media\/12481"}],"wp:attachment":[{"href":"https:\/\/www.asmodee.ca\/en\/wp-json\/wp\/v2\/media?parent=12497"}],"wp:term":[{"taxonomy":"player","embeddable":true,"href":"https:\/\/www.asmodee.ca\/en\/wp-json\/wp\/v2\/player?post=12497"},{"taxonomy":"player_range","embeddable":true,"href":"https:\/\/www.asmodee.ca\/en\/wp-json\/wp\/v2\/player_range?post=12497"},{"taxonomy":"duration","embeddable":true,"href":"https:\/\/www.asmodee.ca\/en\/wp-json\/wp\/v2\/duration?post=12497"},{"taxonomy":"duration_range","embeddable":true,"href":"https:\/\/www.asmodee.ca\/en\/wp-json\/wp\/v2\/duration_range?post=12497"},{"taxonomy":"age","embeddable":true,"href":"https:\/\/www.asmodee.ca\/en\/wp-json\/wp\/v2\/age?post=12497"},{"taxonomy":"age_range","embeddable":true,"href":"https:\/\/www.asmodee.ca\/en\/wp-json\/wp\/v2\/age_range?post=12497"},{"taxonomy":"benefit","embeddable":true,"href":"https:\/\/www.asmodee.ca\/en\/wp-json\/wp\/v2\/benefit?post=12497"},{"taxonomy":"publisher","embeddable":true,"href":"https:\/\/www.asmodee.ca\/en\/wp-json\/wp\/v2\/publisher?post=12497"},{"taxonomy":"public","embeddable":true,"href":"https:\/\/www.asmodee.ca\/en\/wp-json\/wp\/v2\/public?post=12497"},{"taxonomy":"theme","embeddable":true,"href":"https:\/\/www.asmodee.ca\/en\/wp-json\/wp\/v2\/theme?post=12497"},{"taxonomy":"gamme","embeddable":true,"href":"https:\/\/www.asmodee.ca\/en\/wp-json\/wp\/v2\/gamme?post=12497"},{"taxonomy":"product_category","embeddable":true,"href":"https:\/\/www.asmodee.ca\/en\/wp-json\/wp\/v2\/product_category?post=12497"}],"curies":[{"name":"wp","href":"https:\/\/api.w.org\/{rel}","templated":true}]}}