{"id":18674,"date":"2024-02-28T08:34:49","date_gmt":"2024-02-28T13:34:49","guid":{"rendered":"https:\/\/www.asmodee.ca\/?page_id=18674"},"modified":"2026-02-25T06:16:33","modified_gmt":"2026-02-25T10:16:33","slug":"legal-notice","status":"publish","type":"page","link":"https:\/\/www.asmodee.ca\/en\/legal-notice\/","title":{"rendered":"Legal Notice"},"content":{"rendered":"\n<h2 class=\"wp-block-heading\" id=\"h-website-editor\">Website Editor<\/h2>\n\n\n\n<p>ASMODEE GROUP, a French Soci\u00e9t\u00e9 par actions simplifi\u00e9e \u00e0 associ\u00e9 unique with a share capital of 60.444.400 euro, having its registered office at 18 rue Jacqueline Auriol, Quartier Villaroy, 78280 Guyancourt, registered with the Commerce and Companies Register of Versailles under number 399 899 806, duly represented by:<\/p>\n\n\n\n<p>(a) FINANCIERE AMUSE TOPCO, as Chief Executive Officer, itself represented by Thomas Koegler, as permanent representative<\/p>\n\n\n\n<p>Contact: <a href=\"mailto:marketingca@asmodee.com\">marketingca@asmodee.com<\/a><\/p>\n\n\n\n<p>Publication Director: Thomas Koegler<\/p>\n\n\n\n<p><\/p>\n\n\n\n<h2 class=\"wp-block-heading\" id=\"h-website-host\">Website Host<\/h2>\n\n\n\n<p>The site www.asmodee.ca is hosted by Amazon Web Services:<\/p>\n\n\n\n<p>Amazon Web Services, Inc.<br>P.O. Box 81226<br>Seattle, WA 98108-1226.<\/p>\n","protected":false},"excerpt":{"rendered":"<p>Website Editor ASMODEE GROUP, a French Soci\u00e9t\u00e9 par actions simplifi\u00e9e \u00e0 associ\u00e9 unique with a share capital of 60.444.400 euro, having its registered office at 18 rue Jacqueline Auriol, Quartier Villaroy, 78280 Guyancourt, registered with the Commerce and Companies Register of Versailles under number 399 899 806, duly represented by: (a) FINANCIERE AMUSE TOPCO, as [&hellip;]<\/p>\n","protected":false},"author":17,"featured_media":0,"parent":0,"menu_order":0,"comment_status":"closed","ping_status":"closed","template":"","meta":{"_acf_changed":false,"footnotes":""},"class_list":["post-18674","page","type-page","status-publish","hentry"],"acf":[],"_links":{"self":[{"href":"https:\/\/www.asmodee.ca\/en\/wp-json\/wp\/v2\/pages\/18674","targetHints":{"allow":["GET"]}}],"collection":[{"href":"https:\/\/www.asmodee.ca\/en\/wp-json\/wp\/v2\/pages"}],"about":[{"href":"https:\/\/www.asmodee.ca\/en\/wp-json\/wp\/v2\/types\/page"}],"author":[{"embeddable":true,"href":"https:\/\/www.asmodee.ca\/en\/wp-json\/wp\/v2\/users\/17"}],"replies":[{"embeddable":true,"href":"https:\/\/www.asmodee.ca\/en\/wp-json\/wp\/v2\/comments?post=18674"}],"version-history":[{"count":5,"href":"https:\/\/www.asmodee.ca\/en\/wp-json\/wp\/v2\/pages\/18674\/revisions"}],"predecessor-version":[{"id":28733,"href":"https:\/\/www.asmodee.ca\/en\/wp-json\/wp\/v2\/pages\/18674\/revisions\/28733"}],"wp:attachment":[{"href":"https:\/\/www.asmodee.ca\/en\/wp-json\/wp\/v2\/media?parent=18674"}],"curies":[{"name":"wp","href":"https:\/\/api.w.org\/{rel}","templated":true}]}}